{"id":80,"date":"2025-09-10T12:06:34","date_gmt":"2025-09-10T09:06:34","guid":{"rendered":"https:\/\/www.meaandsis.com\/?page_id=80"},"modified":"2025-09-10T12:39:57","modified_gmt":"2025-09-10T09:39:57","slug":"cerez-politikasi","status":"publish","type":"page","link":"https:\/\/www.meaandsis.com\/en\/cerez-politikasi\/","title":{"rendered":"Cookie Policy"},"content":{"rendered":"<h2>Cookie Policy<\/h2>\n<p>&nbsp;<\/p>\n<p><b>Mea and Sis<\/b> olarak, <b><a class=\"ng-star-inserted\" href=\"https:\/\/www.meaandsis.com\/en\/\" target=\"_blank\" rel=\"noopener\">www.meaandsis.com<\/a><\/b> adresindeki web sitemizi ziyaretleriniz s\u0131ras\u0131nda deneyiminizi geli\u015ftirmek ve hizmet kalitemizi art\u0131rmak amac\u0131yla \u00e7erezler (cookies) kullanmaktay\u0131z. Bu \u00c7erez Politikas\u0131, hangi t\u00fcr \u00e7erezleri kulland\u0131\u011f\u0131m\u0131z\u0131, \u00e7erezlerin ne i\u015fe yarad\u0131\u011f\u0131n\u0131, nas\u0131l kontrol edebilece\u011finizi ve web sitemizi kullanarak \u00e7erez kullan\u0131m\u0131na nas\u0131l onay verdi\u011finizi a\u00e7\u0131klamaktad\u0131r.<\/p>\n<p>&nbsp;<\/p>\n<h3>1. \u00c7erez Nedir?<\/h3>\n<p>&nbsp;<\/p>\n<p>\u00c7erezler, bir web sitesini ziyaret etti\u011finizde cihaz\u0131n\u0131za (bilgisayar, tablet, ak\u0131ll\u0131 telefon vb.) depolanan k\u00fc\u00e7\u00fck metin dosyalar\u0131d\u0131r. Bu dosyalar, ziyaret etti\u011finiz web sitesinin, sonraki ziyaretlerinizde sizi veya tercihlerinizi hat\u0131rlamas\u0131n\u0131 sa\u011flar. \u00c7erezler, web sitesinin daha verimli \u00e7al\u0131\u015fmas\u0131n\u0131 sa\u011flamak, ki\u015fiselle\u015ftirilmi\u015f bir deneyim sunmak ve web sitesi sahiplerine analiz bilgileri sa\u011flamak i\u00e7in kullan\u0131l\u0131r.<\/p>\n<p>&nbsp;<\/p>\n<h3>2. \u00c7erez T\u00fcrleri ve Kullan\u0131m Ama\u00e7lar\u0131<\/h3>\n<p>&nbsp;<\/p>\n<p>Mea and Sis web sitesinde, Complianz \u00e7erez y\u00f6netim eklentisi arac\u0131l\u0131\u011f\u0131yla farkl\u0131 t\u00fcrde \u00e7erezler kullan\u0131lmaktad\u0131r. Bu \u00e7erezler, a\u015fa\u011f\u0131daki ama\u00e7lar do\u011frultusunda kullan\u0131l\u0131r:<\/p>\n<ul>\n<li><b>Zorunlu \u00c7erezler (Kesinlikle Gerekli \u00c7erezler):<\/b> Bu \u00e7erezler, web sitemizin temel i\u015flevleri i\u00e7in vazge\u00e7ilmezdir ve g\u00fcvenlik, a\u011f y\u00f6netimi ve eri\u015filebilirlik gibi temel hizmetleri sa\u011flamak i\u00e7in gereklidir. \u00d6rne\u011fin, al\u0131\u015fveri\u015f sepetinize \u00fcr\u00fcn eklemenizi, sipari\u015f s\u00fcrecini tamamlaman\u0131z\u0131 veya formlar\u0131 doldurman\u0131z\u0131 sa\u011flarlar. Bu \u00e7erezler olmadan web sitesi d\u00fczg\u00fcn \u00e7al\u0131\u015famaz.<\/li>\n<li><b>Fonksiyonel \u00c7erezler (Tercih \u00c7erezleri):<\/b> Bu \u00e7erezler, web sitemizin tercihlerinizi (\u00f6rne\u011fin dil se\u00e7imi, b\u00f6lgesel ayarlar) hat\u0131rlamas\u0131na olanak tan\u0131r ve size daha ki\u015fiselle\u015ftirilmi\u015f bir deneyim sunar. \u00d6rne\u011fin, bir \u00f6nceki ziyaretinizdeki ayarlar\u0131 hat\u0131rlayarak size \u00f6zel i\u00e7erikler g\u00f6sterebilir.<\/li>\n<li><b>Analitik\/Performans \u00c7erezleri:<\/b> Bu \u00e7erezler, ziyaret\u00e7ilerin web sitesini nas\u0131l kulland\u0131\u011f\u0131na dair bilgi toplar. Hangi sayfalar\u0131n daha \u00e7ok ziyaret edildi\u011fi, sitede ne kadar zaman ge\u00e7irildi\u011fi, hata mesajlar\u0131 al\u0131n\u0131p al\u0131nmad\u0131\u011f\u0131 gibi bilgiler, web sitemizin performans\u0131n\u0131 \u00f6l\u00e7mek ve iyile\u015ftirmek i\u00e7in kullan\u0131l\u0131r. Google Analytics gibi ara\u00e7lar bu ama\u00e7la kullan\u0131labilir.<\/li>\n<li><b>Pazarlama\/Hedefleme \u00c7erezleri:<\/b> Bu \u00e7erezler, ilgi alanlar\u0131n\u0131za daha uygun reklamlar sunmak i\u00e7in kullan\u0131l\u0131r. Sizinle alakal\u0131 reklamlar\u0131 g\u00f6stermek, reklam kampanyalar\u0131m\u0131z\u0131n etkinli\u011fini \u00f6l\u00e7mek ve reklamlar\u0131n size ka\u00e7 kez g\u00f6sterildi\u011fini s\u0131n\u0131rlamak amac\u0131yla \u00fc\u00e7\u00fcnc\u00fc taraf reklam a\u011flar\u0131 taraf\u0131ndan yerle\u015ftirilebilirler.<\/li>\n<\/ul>\n<p>&nbsp;<\/p>\n<h3>3. \u00dc\u00e7\u00fcnc\u00fc Taraf \u00c7erezleri<\/h3>\n<p>&nbsp;<\/p>\n<p>Web sitemizde, Google Analytics, sosyal medya eklentileri (Facebook, Instagram vb.) ve reklam a\u011flar\u0131 gibi \u00fc\u00e7\u00fcnc\u00fc taraf hizmet sa\u011flay\u0131c\u0131lar\u0131 taraf\u0131ndan yerle\u015ftirilen \u00e7erezler de bulunabilir. Bu \u00e7erezler, ilgili \u00fc\u00e7\u00fcnc\u00fc taraflar\u0131n kendi gizlilik politikalar\u0131 ve kullan\u0131m ko\u015fullar\u0131 \u00e7er\u00e7evesinde bilgi toplar. Mea and Sis&#8217;n\u0131n bu \u00e7erezler \u00fczerinde do\u011frudan bir kontrol\u00fc yoktur.<\/p>\n<p>&nbsp;<\/p>\n<h3>4. \u00c7erez Tercihlerinizi Y\u00f6netme ve Onay\u0131n\u0131z<\/h3>\n<p>&nbsp;<\/p>\n<p>Web sitemizi ilk ziyaret etti\u011finizde, <b>Complianz \u00e7erez eklentisi<\/b> arac\u0131l\u0131\u011f\u0131yla size bir <b>\u00e7erez izin banner\u0131<\/b> sunulur. Bu banner arac\u0131l\u0131\u011f\u0131yla, hangi \u00e7erez kategorilerine izin verece\u011finizi se\u00e7ebilir ve tercihlerinizi y\u00f6netebilirsiniz.<\/p>\n<ul>\n<li><b>T\u00fcm \u00c7erezleri Kabul Et:<\/b> Web sitemizdeki t\u00fcm \u00e7erezlerin kullan\u0131m\u0131na onay vermi\u015f olursunuz.<\/li>\n<li><b>Tercihleri Ayarla:<\/b> Hangi \u00e7erez kategorilerine izin verece\u011finizi ayr\u0131 ayr\u0131 se\u00e7ebilirsiniz. Zorunlu \u00e7erezler her zaman aktif olacakt\u0131r.<\/li>\n<li><b>Reddet:<\/b> Zorunlu \u00e7erezler d\u0131\u015f\u0131ndaki t\u00fcm \u00e7erezleri reddedebilirsiniz. Bu durumda web sitesinin baz\u0131 fonksiyonlar\u0131 tam olarak \u00e7al\u0131\u015fmayabilir.<\/li>\n<\/ul>\n<p>Tercihlerinizi daha sonra de\u011fi\u015ftirmek isterseniz, genellikle web sitemizin alt k\u0131sm\u0131nda yer alan &#8220;\u00c7erez Ayarlar\u0131&#8221; veya &#8220;Gizlilik Ayarlar\u0131&#8221; linkine t\u0131klayarak \u00e7erez izinlerinizi g\u00fcncelleyebilirsiniz.<\/p>\n<p>Ayr\u0131ca, \u00e7o\u011fu web taray\u0131c\u0131s\u0131 \u00e7erezleri kontrol etmenizi sa\u011flar. Taray\u0131c\u0131 ayarlar\u0131n\u0131z \u00fczerinden:<\/p>\n<ul>\n<li>T\u00fcm \u00e7erezleri engelleme.<\/li>\n<li>Belirli \u00e7erezleri kabul etme.<\/li>\n<li>\u00c7erezler cihaz\u0131n\u0131za yerle\u015ftirilmeden \u00f6nce uyar\u0131 alma.<\/li>\n<li>Daha \u00f6nce depolanan \u00e7erezleri silme.<\/li>\n<\/ul>\n<p>gibi se\u00e7enekleri y\u00f6netebilirsiniz. Ancak \u00e7erezleri devre d\u0131\u015f\u0131 b\u0131rakman\u0131n, web sitemizin baz\u0131 \u00f6zelliklerinin veya t\u00fcm\u00fcn\u00fcn d\u00fczg\u00fcn \u00e7al\u0131\u015fmas\u0131n\u0131 engelleyebilece\u011fini unutmay\u0131n\u0131z.<\/p>\n<p>&nbsp;<\/p>\n<h3>5. Ki\u015fisel Verilerin Korunmas\u0131<\/h3>\n<p>&nbsp;<\/p>\n<p>\u00c7erezler arac\u0131l\u0131\u011f\u0131yla toplanan veriler, 6698 say\u0131l\u0131 Ki\u015fisel Verilerin Korunmas\u0131 Kanunu (KVKK) h\u00fck\u00fcmlerine uygun olarak i\u015flenmektedir. \u00c7erezler vas\u0131tas\u0131yla ki\u015fisel verilerinizin toplanmas\u0131, i\u015flenmesi ve aktar\u0131lmas\u0131 hakk\u0131nda daha detayl\u0131 bilgi i\u00e7in l\u00fctfen <b>Gizlilik Politikam\u0131z\u0131<\/b> inceleyiniz.<\/p>\n<p>&nbsp;<\/p>\n<h3>6. \u00c7erez Politikas\u0131&#8217;ndaki De\u011fi\u015fiklikler<\/h3>\n<p>&nbsp;<\/p>\n<p>Bu \u00c7erez Politikas\u0131, yasal gereklilikler veya web sitemizdeki \u00e7erez uygulamalar\u0131m\u0131zdaki de\u011fi\u015fiklikler nedeniyle g\u00fcncellenebilir. Herhangi bir de\u011fi\u015fiklik durumunda, g\u00fcncellenmi\u015f politikay\u0131 web sitemizde yay\u0131nlayaca\u011f\u0131z. Politikam\u0131z\u0131n g\u00fcncel versiyonunu d\u00fczenli olarak kontrol etmeniz \u00f6nerilir.<\/p>\n<p>&nbsp;<\/p>","protected":false},"excerpt":{"rendered":"<p>\u00c7erez Politikas\u0131 &nbsp; Mea and Sis olarak, www.meaandsis.com adresindeki web sitemizi ziyaretleriniz s\u0131ras\u0131nda deneyiminizi geli\u015ftirmek ve hizmet kalitemizi art\u0131rmak amac\u0131yla \u00e7erezler (cookies) kullanmaktay\u0131z. Bu \u00c7erez Politikas\u0131, hangi t\u00fcr \u00e7erezleri kulland\u0131\u011f\u0131m\u0131z\u0131, \u00e7erezlerin ne i\u015fe yarad\u0131\u011f\u0131n\u0131, nas\u0131l kontrol edebilece\u011finizi ve web sitemizi kullanarak \u00e7erez kullan\u0131m\u0131na nas\u0131l onay verdi\u011finizi a\u00e7\u0131klamaktad\u0131r. &nbsp; 1. \u00c7erez Nedir? &nbsp; \u00c7erezler, bir web [&hellip;]<\/p>\n","protected":false},"author":1,"featured_media":0,"parent":0,"menu_order":11,"comment_status":"closed","ping_status":"closed","template":"","meta":{"_acf_changed":false,"footnotes":""},"class_list":["post-80","page","type-page","status-publish","hentry"],"acf":[],"yoast_head":"<!-- This site is optimized with the Yoast SEO plugin v27.4 - https:\/\/yoast.com\/product\/yoast-seo-wordpress\/ -->\n<title>\u00c7erez Politikas\u0131 - Mea and Sis<\/title>\n<meta name=\"robots\" content=\"index, follow, max-snippet:-1, max-image-preview:large, max-video-preview:-1\" \/>\n<link rel=\"canonical\" href=\"https:\/\/www.meaandsis.com\/en\/cerez-politikasi\/\" \/>\n<meta property=\"og:locale\" content=\"en_GB\" \/>\n<meta property=\"og:type\" content=\"article\" \/>\n<meta property=\"og:title\" content=\"\u00c7erez Politikas\u0131 - Mea and Sis\" \/>\n<meta property=\"og:description\" content=\"\u00c7erez Politikas\u0131 &nbsp; Mea and Sis olarak, www.meaandsis.com adresindeki web sitemizi ziyaretleriniz s\u0131ras\u0131nda deneyiminizi geli\u015ftirmek ve hizmet kalitemizi art\u0131rmak amac\u0131yla \u00e7erezler (cookies) kullanmaktay\u0131z. Bu \u00c7erez Politikas\u0131, hangi t\u00fcr \u00e7erezleri kulland\u0131\u011f\u0131m\u0131z\u0131, \u00e7erezlerin ne i\u015fe yarad\u0131\u011f\u0131n\u0131, nas\u0131l kontrol edebilece\u011finizi ve web sitemizi kullanarak \u00e7erez kullan\u0131m\u0131na nas\u0131l onay verdi\u011finizi a\u00e7\u0131klamaktad\u0131r. &nbsp; 1. \u00c7erez Nedir? &nbsp; \u00c7erezler, bir web [&hellip;]\" \/>\n<meta property=\"og:url\" content=\"https:\/\/www.meaandsis.com\/en\/cerez-politikasi\/\" \/>\n<meta property=\"og:site_name\" content=\"Mea and Sis\" \/>\n<meta property=\"article:publisher\" content=\"https:\/\/www.facebook.com\/meaandsis\/\" \/>\n<meta property=\"article:modified_time\" content=\"2025-09-10T09:39:57+00:00\" \/>\n<meta name=\"twitter:card\" content=\"summary_large_image\" \/>\n<meta name=\"twitter:label1\" content=\"Estimated reading time\" \/>\n\t<meta name=\"twitter:data1\" content=\"4 minutes\" \/>\n<script type=\"application\/ld+json\" class=\"yoast-schema-graph\">{\"@context\":\"https:\\\/\\\/schema.org\",\"@graph\":[{\"@type\":\"WebPage\",\"@id\":\"https:\\\/\\\/www.meaandsis.com\\\/cerez-politikasi\\\/\",\"url\":\"https:\\\/\\\/www.meaandsis.com\\\/cerez-politikasi\\\/\",\"name\":\"\u00c7erez Politikas\u0131 - Mea and Sis\",\"isPartOf\":{\"@id\":\"https:\\\/\\\/www.meaandsis.com\\\/#website\"},\"datePublished\":\"2025-09-10T09:06:34+00:00\",\"dateModified\":\"2025-09-10T09:39:57+00:00\",\"breadcrumb\":{\"@id\":\"https:\\\/\\\/www.meaandsis.com\\\/cerez-politikasi\\\/#breadcrumb\"},\"inLanguage\":\"en-GB\",\"potentialAction\":[{\"@type\":\"ReadAction\",\"target\":[\"https:\\\/\\\/www.meaandsis.com\\\/cerez-politikasi\\\/\"]}]},{\"@type\":\"BreadcrumbList\",\"@id\":\"https:\\\/\\\/www.meaandsis.com\\\/cerez-politikasi\\\/#breadcrumb\",\"itemListElement\":[{\"@type\":\"ListItem\",\"position\":1,\"name\":\"Anasayfa\",\"item\":\"https:\\\/\\\/www.meaandsis.com\\\/\"},{\"@type\":\"ListItem\",\"position\":2,\"name\":\"\u00c7erez Politikas\u0131\"}]},{\"@type\":\"WebSite\",\"@id\":\"https:\\\/\\\/www.meaandsis.com\\\/#website\",\"url\":\"https:\\\/\\\/www.meaandsis.com\\\/\",\"name\":\"Mea and Sis\",\"description\":\"Sanat ve Tasar\u0131m At\u00f6lyesi\",\"publisher\":{\"@id\":\"https:\\\/\\\/www.meaandsis.com\\\/#organization\"},\"potentialAction\":[{\"@type\":\"SearchAction\",\"target\":{\"@type\":\"EntryPoint\",\"urlTemplate\":\"https:\\\/\\\/www.meaandsis.com\\\/?s={search_term_string}\"},\"query-input\":{\"@type\":\"PropertyValueSpecification\",\"valueRequired\":true,\"valueName\":\"search_term_string\"}}],\"inLanguage\":\"en-GB\"},{\"@type\":\"Organization\",\"@id\":\"https:\\\/\\\/www.meaandsis.com\\\/#organization\",\"name\":\"Mea and Sis\",\"url\":\"https:\\\/\\\/www.meaandsis.com\\\/\",\"logo\":{\"@type\":\"ImageObject\",\"inLanguage\":\"en-GB\",\"@id\":\"https:\\\/\\\/www.meaandsis.com\\\/#\\\/schema\\\/logo\\\/image\\\/\",\"url\":\"https:\\\/\\\/www.meaandsis.com\\\/wp-content\\\/uploads\\\/2025\\\/09\\\/logo.svg\",\"contentUrl\":\"https:\\\/\\\/www.meaandsis.com\\\/wp-content\\\/uploads\\\/2025\\\/09\\\/logo.svg\",\"width\":121,\"height\":121,\"caption\":\"Mea and Sis\"},\"image\":{\"@id\":\"https:\\\/\\\/www.meaandsis.com\\\/#\\\/schema\\\/logo\\\/image\\\/\"},\"sameAs\":[\"https:\\\/\\\/www.facebook.com\\\/meaandsis\\\/\",\"https:\\\/\\\/www.instagram.com\\\/meaandsis\\\/\"]}]}<\/script>\n<!-- \/ Yoast SEO plugin. -->","yoast_head_json":{"title":"\u00c7erez Politikas\u0131 - Mea and Sis","robots":{"index":"index","follow":"follow","max-snippet":"max-snippet:-1","max-image-preview":"max-image-preview:large","max-video-preview":"max-video-preview:-1"},"canonical":"https:\/\/www.meaandsis.com\/en\/cerez-politikasi\/","og_locale":"en_GB","og_type":"article","og_title":"\u00c7erez Politikas\u0131 - Mea and Sis","og_description":"\u00c7erez Politikas\u0131 &nbsp; Mea and Sis olarak, www.meaandsis.com adresindeki web sitemizi ziyaretleriniz s\u0131ras\u0131nda deneyiminizi geli\u015ftirmek ve hizmet kalitemizi art\u0131rmak amac\u0131yla \u00e7erezler (cookies) kullanmaktay\u0131z. Bu \u00c7erez Politikas\u0131, hangi t\u00fcr \u00e7erezleri kulland\u0131\u011f\u0131m\u0131z\u0131, \u00e7erezlerin ne i\u015fe yarad\u0131\u011f\u0131n\u0131, nas\u0131l kontrol edebilece\u011finizi ve web sitemizi kullanarak \u00e7erez kullan\u0131m\u0131na nas\u0131l onay verdi\u011finizi a\u00e7\u0131klamaktad\u0131r. &nbsp; 1. \u00c7erez Nedir? &nbsp; \u00c7erezler, bir web [&hellip;]","og_url":"https:\/\/www.meaandsis.com\/en\/cerez-politikasi\/","og_site_name":"Mea and Sis","article_publisher":"https:\/\/www.facebook.com\/meaandsis\/","article_modified_time":"2025-09-10T09:39:57+00:00","twitter_card":"summary_large_image","twitter_misc":{"Estimated reading time":"4 minutes"},"schema":{"@context":"https:\/\/schema.org","@graph":[{"@type":"WebPage","@id":"https:\/\/www.meaandsis.com\/cerez-politikasi\/","url":"https:\/\/www.meaandsis.com\/cerez-politikasi\/","name":"\u00c7erez Politikas\u0131 - Mea and Sis","isPartOf":{"@id":"https:\/\/www.meaandsis.com\/#website"},"datePublished":"2025-09-10T09:06:34+00:00","dateModified":"2025-09-10T09:39:57+00:00","breadcrumb":{"@id":"https:\/\/www.meaandsis.com\/cerez-politikasi\/#breadcrumb"},"inLanguage":"en-GB","potentialAction":[{"@type":"ReadAction","target":["https:\/\/www.meaandsis.com\/cerez-politikasi\/"]}]},{"@type":"BreadcrumbList","@id":"https:\/\/www.meaandsis.com\/cerez-politikasi\/#breadcrumb","itemListElement":[{"@type":"ListItem","position":1,"name":"Anasayfa","item":"https:\/\/www.meaandsis.com\/"},{"@type":"ListItem","position":2,"name":"\u00c7erez Politikas\u0131"}]},{"@type":"WebSite","@id":"https:\/\/www.meaandsis.com\/#website","url":"https:\/\/www.meaandsis.com\/","name":"Mea and Sis","description":"Sanat ve Tasar\u0131m At\u00f6lyesi","publisher":{"@id":"https:\/\/www.meaandsis.com\/#organization"},"potentialAction":[{"@type":"SearchAction","target":{"@type":"EntryPoint","urlTemplate":"https:\/\/www.meaandsis.com\/?s={search_term_string}"},"query-input":{"@type":"PropertyValueSpecification","valueRequired":true,"valueName":"search_term_string"}}],"inLanguage":"en-GB"},{"@type":"Organization","@id":"https:\/\/www.meaandsis.com\/#organization","name":"Mea and Sis","url":"https:\/\/www.meaandsis.com\/","logo":{"@type":"ImageObject","inLanguage":"en-GB","@id":"https:\/\/www.meaandsis.com\/#\/schema\/logo\/image\/","url":"https:\/\/www.meaandsis.com\/wp-content\/uploads\/2025\/09\/logo.svg","contentUrl":"https:\/\/www.meaandsis.com\/wp-content\/uploads\/2025\/09\/logo.svg","width":121,"height":121,"caption":"Mea and Sis"},"image":{"@id":"https:\/\/www.meaandsis.com\/#\/schema\/logo\/image\/"},"sameAs":["https:\/\/www.facebook.com\/meaandsis\/","https:\/\/www.instagram.com\/meaandsis\/"]}]}},"_links":{"self":[{"href":"https:\/\/www.meaandsis.com\/en\/wp-json\/wp\/v2\/pages\/80","targetHints":{"allow":["GET"]}}],"collection":[{"href":"https:\/\/www.meaandsis.com\/en\/wp-json\/wp\/v2\/pages"}],"about":[{"href":"https:\/\/www.meaandsis.com\/en\/wp-json\/wp\/v2\/types\/page"}],"author":[{"embeddable":true,"href":"https:\/\/www.meaandsis.com\/en\/wp-json\/wp\/v2\/users\/1"}],"replies":[{"embeddable":true,"href":"https:\/\/www.meaandsis.com\/en\/wp-json\/wp\/v2\/comments?post=80"}],"version-history":[{"count":3,"href":"https:\/\/www.meaandsis.com\/en\/wp-json\/wp\/v2\/pages\/80\/revisions"}],"predecessor-version":[{"id":113,"href":"https:\/\/www.meaandsis.com\/en\/wp-json\/wp\/v2\/pages\/80\/revisions\/113"}],"wp:attachment":[{"href":"https:\/\/www.meaandsis.com\/en\/wp-json\/wp\/v2\/media?parent=80"}],"curies":[{"name":"wp","href":"https:\/\/api.w.org\/{rel}","templated":true}]}}